{"id":7264,"date":"2025-09-01T17:48:50","date_gmt":"2025-09-01T17:48:50","guid":{"rendered":"https:\/\/reclaimassetslaw.com\/?page_id=7264"},"modified":"2025-09-05T22:23:47","modified_gmt":"2025-09-05T22:23:47","slug":"terminos-legales-aviso-legal","status":"publish","type":"page","link":"https:\/\/reclaimassetslaw.com\/?page_id=7264","title":{"rendered":"T\u00e9rminos Legales \u2013 Aviso Legal"},"content":{"rendered":"\t\t<div data-elementor-type=\"wp-page\" data-elementor-id=\"7264\" class=\"elementor elementor-7264\">\n\t\t\t\t<div class=\"elementor-element elementor-element-305223eb e-flex e-con-boxed e-con e-parent\" data-id=\"305223eb\" data-element_type=\"container\" data-e-type=\"container\">\n\t\t\t\t\t<div class=\"e-con-inner\">\n\t\t\t\t<div class=\"elementor-element elementor-element-18e86e4d elementor-widget elementor-widget-text-editor\" data-id=\"18e86e4d\" data-element_type=\"widget\" data-e-type=\"widget\" data-widget_type=\"text-editor.default\">\n\t\t\t\t\t\t\t\t\t\n<h1 class=\"wp-block-heading\" data-start=\"221\" data-end=\"259\"><strong data-start=\"223\" data-end=\"257\">T\u00e9rminos Legales \u2013 Aviso Legal<\/strong><\/h1>\n<p data-start=\"260\" data-end=\"284\"><strong data-start=\"260\" data-end=\"282\">Reclaim Assets Law<\/strong><\/p>\n<h3 data-start=\"286\" data-end=\"318\">1. Naturaleza del servicio<\/h3>\n<p data-start=\"319\" data-end=\"732\">Los servicios ofrecidos por <strong data-start=\"347\" data-end=\"369\">Reclaim Assets Law<\/strong> est\u00e1n orientados a la asesor\u00eda y representaci\u00f3n en casos de fraudes financieros, criptomonedas, trading y forex. Nuestros esfuerzos se basan en an\u00e1lisis forense, gesti\u00f3n legal y estrategias internacionales, pero <strong data-start=\"582\" data-end=\"637\">no garantizamos la recuperaci\u00f3n total de los fondos<\/strong> debido a factores externos como terceros, entidades financieras o jurisdicciones aplicables.<\/p>\n<hr data-start=\"734\" data-end=\"737\" \/>\n<h3 data-start=\"739\" data-end=\"777\">2. Limitaci\u00f3n de responsabilidad<\/h3>\n<p data-start=\"778\" data-end=\"826\"><strong data-start=\"778\" data-end=\"800\">Reclaim Assets Law<\/strong> no ser\u00e1 responsable de:<\/p>\n<ul data-start=\"827\" data-end=\"1048\">\n<li data-start=\"827\" data-end=\"892\">\n<p data-start=\"829\" data-end=\"892\">Resultados no alcanzados por causas fuera de nuestro control.<\/p>\n<\/li>\n<li data-start=\"893\" data-end=\"963\">\n<p data-start=\"895\" data-end=\"963\">P\u00e9rdida de informaci\u00f3n ocasionada por factores externos al bufete.<\/p>\n<\/li>\n<li data-start=\"964\" data-end=\"1048\">\n<p data-start=\"966\" data-end=\"1048\">Da\u00f1os indirectos derivados del uso del sitio web o de la informaci\u00f3n compartida.<\/p>\n<\/li>\n<\/ul>\n<hr data-start=\"1050\" data-end=\"1053\" \/>\n<h3 data-start=\"1055\" data-end=\"1080\">3. Confidencialidad<\/h3>\n<p data-start=\"1081\" data-end=\"1296\">Toda la informaci\u00f3n recibida por parte de clientes y usuarios ser\u00e1 tratada bajo estricta confidencialidad, de acuerdo con nuestra <strong data-start=\"1211\" data-end=\"1237\">Pol\u00edtica de Privacidad<\/strong> y con la normativa internacional de protecci\u00f3n de datos.<\/p>\n<hr data-start=\"1298\" data-end=\"1301\" \/>\n<h3 data-start=\"1303\" data-end=\"1333\">4. Propiedad intelectual<\/h3>\n<p data-start=\"1334\" data-end=\"1510\">Los contenidos de este sitio (textos, logotipos, im\u00e1genes y materiales digitales) son propiedad de <strong data-start=\"1433\" data-end=\"1455\">Reclaim Assets Law<\/strong> y no pueden ser utilizados sin autorizaci\u00f3n expresa.<\/p>\n<hr data-start=\"1512\" data-end=\"1515\" \/>\n<h3 data-start=\"1517\" data-end=\"1547\">5. Legislaci\u00f3n aplicable<\/h3>\n<p data-start=\"1548\" data-end=\"1743\">Este aviso legal se rige por las leyes internacionales aplicables en materia de servicios legales y protecci\u00f3n de datos, sin perjuicio de las normativas locales que correspondan a cada cliente.<\/p>\t\t\t\t\t\t\t\t<\/div>\n\t\t\t\t\t<\/div>\n\t\t\t\t<\/div>\n\t\t\t\t<\/div>\n\t\t","protected":false},"excerpt":{"rendered":"<p>T\u00e9rminos Legales \u2013 Aviso Legal Reclaim Assets<\/p>\n","protected":false},"author":2,"featured_media":0,"parent":0,"menu_order":0,"comment_status":"closed","ping_status":"closed","template":"","meta":{"_joinchat":[],"footnotes":""},"class_list":["post-7264","page","type-page","status-publish","hentry"],"_links":{"self":[{"href":"https:\/\/reclaimassetslaw.com\/index.php?rest_route=\/wp\/v2\/pages\/7264","targetHints":{"allow":["GET"]}}],"collection":[{"href":"https:\/\/reclaimassetslaw.com\/index.php?rest_route=\/wp\/v2\/pages"}],"about":[{"href":"https:\/\/reclaimassetslaw.com\/index.php?rest_route=\/wp\/v2\/types\/page"}],"author":[{"embeddable":true,"href":"https:\/\/reclaimassetslaw.com\/index.php?rest_route=\/wp\/v2\/users\/2"}],"replies":[{"embeddable":true,"href":"https:\/\/reclaimassetslaw.com\/index.php?rest_route=%2Fwp%2Fv2%2Fcomments&post=7264"}],"version-history":[{"count":4,"href":"https:\/\/reclaimassetslaw.com\/index.php?rest_route=\/wp\/v2\/pages\/7264\/revisions"}],"predecessor-version":[{"id":7268,"href":"https:\/\/reclaimassetslaw.com\/index.php?rest_route=\/wp\/v2\/pages\/7264\/revisions\/7268"}],"wp:attachment":[{"href":"https:\/\/reclaimassetslaw.com\/index.php?rest_route=%2Fwp%2Fv2%2Fmedia&parent=7264"}],"curies":[{"name":"wp","href":"https:\/\/api.w.org\/{rel}","templated":true}]}}