{"id":7259,"date":"2025-09-01T17:47:17","date_gmt":"2025-09-01T17:47:17","guid":{"rendered":"https:\/\/reclaimassetslaw.com\/?page_id=7259"},"modified":"2025-09-05T22:23:38","modified_gmt":"2025-09-05T22:23:38","slug":"politica-de-cookies","status":"publish","type":"page","link":"https:\/\/reclaimassetslaw.com\/?page_id=7259","title":{"rendered":"Pol\u00edtica de Cookies"},"content":{"rendered":"\t\t<div data-elementor-type=\"wp-page\" data-elementor-id=\"7259\" class=\"elementor elementor-7259\">\n\t\t\t\t<div class=\"elementor-element elementor-element-305223eb e-flex e-con-boxed e-con e-parent\" data-id=\"305223eb\" data-element_type=\"container\" data-e-type=\"container\">\n\t\t\t\t\t<div class=\"e-con-inner\">\n\t\t\t\t<div class=\"elementor-element elementor-element-18e86e4d elementor-widget elementor-widget-text-editor\" data-id=\"18e86e4d\" data-element_type=\"widget\" data-e-type=\"widget\" data-widget_type=\"text-editor.default\">\n\t\t\t\t\t\t\t\t\t\n<h1 class=\"wp-block-heading\" data-start=\"160\" data-end=\"187\"><strong data-start=\"162\" data-end=\"185\">Pol\u00edtica de Cookies<\/strong><\/h1>\n<p data-start=\"188\" data-end=\"212\"><strong data-start=\"188\" data-end=\"210\">Reclaim Assets Law<\/strong><\/p>\n<h3 data-start=\"214\" data-end=\"235\">1. Introducci\u00f3n<\/h3>\n<p data-start=\"236\" data-end=\"444\">En <strong data-start=\"239\" data-end=\"261\">Reclaim Assets Law<\/strong> utilizamos cookies y tecnolog\u00edas similares para mejorar la experiencia de los usuarios en nuestro sitio web, optimizar su funcionamiento y recopilar informaci\u00f3n estad\u00edstica de uso.<\/p>\n<hr data-start=\"446\" data-end=\"449\" \/>\n<h3 data-start=\"451\" data-end=\"481\">2. \u00bfQu\u00e9 son las cookies?<\/h3>\n<p data-start=\"482\" data-end=\"710\">Las cookies son peque\u00f1os archivos de texto que se almacenan en el dispositivo del usuario cuando navega por un sitio web. Estas permiten reconocer al usuario, recordar sus preferencias y facilitar una navegaci\u00f3n m\u00e1s eficiente.<\/p>\n<hr data-start=\"712\" data-end=\"715\" \/>\n<h3 data-start=\"717\" data-end=\"757\">3. Tipos de cookies que utilizamos<\/h3>\n<ul data-start=\"758\" data-end=\"1419\">\n<li data-start=\"758\" data-end=\"884\">\n<p data-start=\"760\" data-end=\"884\"><strong data-start=\"760\" data-end=\"783\">Cookies esenciales:<\/strong> necesarias para el funcionamiento b\u00e1sico del sitio web (seguridad, inicio de sesi\u00f3n, formularios).<\/p>\n<\/li>\n<li data-start=\"885\" data-end=\"1019\">\n<p data-start=\"887\" data-end=\"1019\"><strong data-start=\"887\" data-end=\"914\">Cookies de rendimiento:<\/strong> recopilan informaci\u00f3n sobre c\u00f3mo los usuarios interact\u00faan con el sitio para mejorar su funcionamiento.<\/p>\n<\/li>\n<li data-start=\"1020\" data-end=\"1138\">\n<p data-start=\"1022\" data-end=\"1138\"><strong data-start=\"1022\" data-end=\"1051\">Cookies de funcionalidad:<\/strong> permiten recordar preferencias como idioma, regi\u00f3n o configuraciones personalizadas.<\/p>\n<\/li>\n<li data-start=\"1139\" data-end=\"1281\">\n<p data-start=\"1141\" data-end=\"1281\"><strong data-start=\"1141\" data-end=\"1180\">Cookies de an\u00e1lisis y estad\u00edsticas:<\/strong> nos ayudan a medir visitas y tr\u00e1fico, identificar p\u00e1ginas m\u00e1s utilizadas y optimizar el contenido.<\/p>\n<\/li>\n<li data-start=\"1282\" data-end=\"1419\">\n<p data-start=\"1284\" data-end=\"1419\"><strong data-start=\"1284\" data-end=\"1308\">Cookies de terceros:<\/strong> pueden provenir de servicios externos (ejemplo: Google Analytics) para an\u00e1lisis o integraciones adicionales.<\/p>\n<\/li>\n<\/ul>\n<hr data-start=\"1421\" data-end=\"1424\" \/>\n<h3 data-start=\"1426\" data-end=\"1453\">4. Gesti\u00f3n de cookies<\/h3>\n<p data-start=\"1454\" data-end=\"1797\">Al acceder a nuestro sitio web, el usuario puede aceptar o rechazar el uso de cookies mediante el banner de consentimiento. Asimismo, puede configurar su navegador para bloquear, eliminar o restringir cookies en cualquier momento.<br data-start=\"1684\" data-end=\"1687\" \/>Debe tener en cuenta que desactivar algunas cookies podr\u00eda afectar el correcto funcionamiento del sitio web.<\/p>\n<hr data-start=\"1799\" data-end=\"1802\" \/>\n<h3 data-start=\"1804\" data-end=\"1846\">5. Cambios en la Pol\u00edtica de Cookies<\/h3>\n<p data-start=\"1847\" data-end=\"2033\"><strong data-start=\"1847\" data-end=\"1869\">Reclaim Assets Law<\/strong> se reserva el derecho de actualizar esta Pol\u00edtica en cualquier momento. Los cambios se publicar\u00e1n en el sitio web junto con la fecha de revisi\u00f3n correspondiente.<\/p>\n<hr data-start=\"2035\" data-end=\"2038\" \/>\n<h3 data-start=\"2040\" data-end=\"2057\">6. Contacto<\/h3>\n<p data-start=\"2058\" data-end=\"2168\">Si tiene dudas sobre nuestra Pol\u00edtica de Cookies, puede escribirnos a:<br data-start=\"2128\" data-end=\"2131\" \/>\ud83d\udce7 info@reclaimassetslaw.com<\/p>\t\t\t\t\t\t\t\t<\/div>\n\t\t\t\t\t<\/div>\n\t\t\t\t<\/div>\n\t\t\t\t<\/div>\n\t\t","protected":false},"excerpt":{"rendered":"<p>Pol\u00edtica de Cookies Reclaim Assets Law 1.<\/p>\n","protected":false},"author":2,"featured_media":0,"parent":0,"menu_order":0,"comment_status":"closed","ping_status":"closed","template":"","meta":{"_joinchat":[],"footnotes":""},"class_list":["post-7259","page","type-page","status-publish","hentry"],"_links":{"self":[{"href":"https:\/\/reclaimassetslaw.com\/index.php?rest_route=\/wp\/v2\/pages\/7259","targetHints":{"allow":["GET"]}}],"collection":[{"href":"https:\/\/reclaimassetslaw.com\/index.php?rest_route=\/wp\/v2\/pages"}],"about":[{"href":"https:\/\/reclaimassetslaw.com\/index.php?rest_route=\/wp\/v2\/types\/page"}],"author":[{"embeddable":true,"href":"https:\/\/reclaimassetslaw.com\/index.php?rest_route=\/wp\/v2\/users\/2"}],"replies":[{"embeddable":true,"href":"https:\/\/reclaimassetslaw.com\/index.php?rest_route=%2Fwp%2Fv2%2Fcomments&post=7259"}],"version-history":[{"count":4,"href":"https:\/\/reclaimassetslaw.com\/index.php?rest_route=\/wp\/v2\/pages\/7259\/revisions"}],"predecessor-version":[{"id":7263,"href":"https:\/\/reclaimassetslaw.com\/index.php?rest_route=\/wp\/v2\/pages\/7259\/revisions\/7263"}],"wp:attachment":[{"href":"https:\/\/reclaimassetslaw.com\/index.php?rest_route=%2Fwp%2Fv2%2Fmedia&parent=7259"}],"curies":[{"name":"wp","href":"https:\/\/api.w.org\/{rel}","templated":true}]}}