{"id":7245,"date":"2025-09-01T17:44:17","date_gmt":"2025-09-01T17:44:17","guid":{"rendered":"https:\/\/reclaimassetslaw.com\/?page_id=7245"},"modified":"2025-09-05T22:23:51","modified_gmt":"2025-09-05T22:23:51","slug":"terminos-y-condiciones","status":"publish","type":"page","link":"https:\/\/reclaimassetslaw.com\/?page_id=7245","title":{"rendered":"T\u00e9rminos y Condiciones"},"content":{"rendered":"\t\t<div data-elementor-type=\"wp-page\" data-elementor-id=\"7245\" class=\"elementor elementor-7245\">\n\t\t\t\t<div class=\"elementor-element elementor-element-305223eb e-flex e-con-boxed e-con e-parent\" data-id=\"305223eb\" data-element_type=\"container\" data-e-type=\"container\">\n\t\t\t\t\t<div class=\"e-con-inner\">\n\t\t\t\t<div class=\"elementor-element elementor-element-18e86e4d elementor-widget elementor-widget-text-editor\" data-id=\"18e86e4d\" data-element_type=\"widget\" data-e-type=\"widget\" data-widget_type=\"text-editor.default\">\n\t\t\t\t\t\t\t\t\t\n<h1 class=\"wp-block-heading\" data-start=\"169\" data-end=\"199\"><strong data-start=\"171\" data-end=\"197\">T\u00e9rminos y Condiciones<\/strong><\/h1>\n<p data-start=\"200\" data-end=\"224\"><strong data-start=\"200\" data-end=\"222\">Reclaim Assets Law<\/strong><\/p>\n<h3 data-start=\"226\" data-end=\"261\">1. Aceptaci\u00f3n de los t\u00e9rminos<\/h3>\n<p data-start=\"262\" data-end=\"482\">Al acceder y utilizar el sitio web de <strong data-start=\"300\" data-end=\"322\">Reclaim Assets Law<\/strong> o contratar nuestros servicios, usted acepta cumplir con los presentes T\u00e9rminos y Condiciones. Si no est\u00e1 de acuerdo, le recomendamos no utilizar este sitio.<\/p>\n<hr data-start=\"484\" data-end=\"487\" \/>\n<h3 data-start=\"489\" data-end=\"517\">2. Servicios ofrecidos<\/h3>\n<p data-start=\"518\" data-end=\"918\"><strong data-start=\"518\" data-end=\"540\">Reclaim Assets Law<\/strong> es un bufete especializado en fraudes financieros, trading, forex y criptomonedas. Nuestros servicios incluyen asesor\u00eda legal, an\u00e1lisis forense digital y estrategias de recuperaci\u00f3n de fondos.<br data-start=\"733\" data-end=\"736\" \/>No garantizamos la recuperaci\u00f3n total de los activos, ya que los resultados dependen de m\u00faltiples factores externos como autoridades, entidades financieras o terceros involucrados.<\/p>\n<hr data-start=\"920\" data-end=\"923\" \/>\n<h3 data-start=\"925\" data-end=\"951\">3. Uso del sitio web<\/h3>\n<p data-start=\"952\" data-end=\"1126\">El usuario se compromete a utilizar el sitio web \u00fanicamente con fines leg\u00edtimos y a no realizar actividades que puedan da\u00f1ar, sobrecargar o interferir en su funcionamiento.<\/p>\n<hr data-start=\"1128\" data-end=\"1131\" \/>\n<h3 data-start=\"1133\" data-end=\"1169\">4. Responsabilidad del cliente<\/h3>\n<p data-start=\"1170\" data-end=\"1199\">El cliente se compromete a:<\/p>\n<ul data-start=\"1200\" data-end=\"1449\">\n<li data-start=\"1200\" data-end=\"1289\">\n<p data-start=\"1202\" data-end=\"1289\">Proporcionar informaci\u00f3n veraz y documentaci\u00f3n necesaria para la evaluaci\u00f3n del caso.<\/p>\n<\/li>\n<li data-start=\"1290\" data-end=\"1360\">\n<p data-start=\"1292\" data-end=\"1360\">No utilizar nuestros servicios para fines il\u00edcitos o fraudulentos.<\/p>\n<\/li>\n<li data-start=\"1361\" data-end=\"1449\">\n<p data-start=\"1363\" data-end=\"1449\">Respetar los acuerdos de honorarios y condiciones establecidos en cada contrataci\u00f3n.<\/p>\n<\/li>\n<\/ul>\n<hr data-start=\"1451\" data-end=\"1454\" \/>\n<h3 data-start=\"1456\" data-end=\"1494\">5. Limitaci\u00f3n de responsabilidad<\/h3>\n<p data-start=\"1495\" data-end=\"1544\"><strong data-start=\"1495\" data-end=\"1517\">Reclaim Assets Law<\/strong> no ser\u00e1 responsable por:<\/p>\n<ul data-start=\"1545\" data-end=\"1773\">\n<li data-start=\"1545\" data-end=\"1631\">\n<p data-start=\"1547\" data-end=\"1631\">Resultados no alcanzados debido a la negativa de terceros o restricciones legales.<\/p>\n<\/li>\n<li data-start=\"1632\" data-end=\"1699\">\n<p data-start=\"1634\" data-end=\"1699\">P\u00e9rdida de informaci\u00f3n causada por factores externos al bufete.<\/p>\n<\/li>\n<li data-start=\"1700\" data-end=\"1773\">\n<p data-start=\"1702\" data-end=\"1773\">Da\u00f1os indirectos derivados del uso de la informaci\u00f3n o del sitio web.<\/p>\n<\/li>\n<\/ul>\n<hr data-start=\"1775\" data-end=\"1778\" \/>\n<h3 data-start=\"1780\" data-end=\"1805\">6. Confidencialidad<\/h3>\n<p data-start=\"1806\" data-end=\"2012\">Toda la informaci\u00f3n proporcionada por el cliente ser\u00e1 tratada de manera estrictamente confidencial, conforme a nuestra <strong data-start=\"1925\" data-end=\"1951\">Pol\u00edtica de Privacidad<\/strong> y a las normativas internacionales de protecci\u00f3n de datos.<\/p>\n<hr data-start=\"2014\" data-end=\"2017\" \/>\n<h3 data-start=\"2019\" data-end=\"2049\">7. Propiedad intelectual<\/h3>\n<p data-start=\"2050\" data-end=\"2262\">El contenido del sitio web (textos, gr\u00e1ficos, logotipos, im\u00e1genes y software) es propiedad de <strong data-start=\"2144\" data-end=\"2166\">Reclaim Assets Law<\/strong> y est\u00e1 protegido por las leyes de propiedad intelectual. Su uso no autorizado est\u00e1 prohibido.<\/p>\n<hr data-start=\"2264\" data-end=\"2267\" \/>\n<h3 data-start=\"2269\" data-end=\"2292\">8. Modificaciones<\/h3>\n<p data-start=\"2293\" data-end=\"2500\"><strong data-start=\"2293\" data-end=\"2315\">Reclaim Assets Law<\/strong> se reserva el derecho de actualizar o modificar estos T\u00e9rminos y Condiciones en cualquier momento. Los cambios se publicar\u00e1n en el sitio web con la fecha de revisi\u00f3n correspondiente.<\/p>\n<hr data-start=\"2502\" data-end=\"2505\" \/>\n<h3 data-start=\"2507\" data-end=\"2537\">9. Legislaci\u00f3n aplicable<\/h3>\n<p data-start=\"2538\" data-end=\"2748\">Estos T\u00e9rminos y Condiciones se regir\u00e1n por las leyes internacionales aplicables en materia de servicios legales y protecci\u00f3n de datos, sin perjuicio de las normativas locales que correspondan a cada cliente.<\/p>\n<hr data-start=\"2750\" data-end=\"2753\" \/>\n<h3 data-start=\"2755\" data-end=\"2773\">10. Contacto<\/h3>\n<p data-start=\"2774\" data-end=\"2892\">Para cualquier consulta sobre estos T\u00e9rminos y Condiciones, puede escribirnos a:<br data-start=\"2854\" data-end=\"2857\" \/>\ud83d\udce7 info@reclaimassetslaw.com<\/p>\t\t\t\t\t\t\t\t<\/div>\n\t\t\t\t\t<\/div>\n\t\t\t\t<\/div>\n\t\t\t\t<\/div>\n\t\t","protected":false},"excerpt":{"rendered":"<p>T\u00e9rminos y Condiciones Reclaim Assets Law 1.<\/p>\n","protected":false},"author":2,"featured_media":0,"parent":0,"menu_order":0,"comment_status":"closed","ping_status":"closed","template":"","meta":{"_joinchat":[],"footnotes":""},"class_list":["post-7245","page","type-page","status-publish","hentry"],"_links":{"self":[{"href":"https:\/\/reclaimassetslaw.com\/index.php?rest_route=\/wp\/v2\/pages\/7245","targetHints":{"allow":["GET"]}}],"collection":[{"href":"https:\/\/reclaimassetslaw.com\/index.php?rest_route=\/wp\/v2\/pages"}],"about":[{"href":"https:\/\/reclaimassetslaw.com\/index.php?rest_route=\/wp\/v2\/types\/page"}],"author":[{"embeddable":true,"href":"https:\/\/reclaimassetslaw.com\/index.php?rest_route=\/wp\/v2\/users\/2"}],"replies":[{"embeddable":true,"href":"https:\/\/reclaimassetslaw.com\/index.php?rest_route=%2Fwp%2Fv2%2Fcomments&post=7245"}],"version-history":[{"count":4,"href":"https:\/\/reclaimassetslaw.com\/index.php?rest_route=\/wp\/v2\/pages\/7245\/revisions"}],"predecessor-version":[{"id":7254,"href":"https:\/\/reclaimassetslaw.com\/index.php?rest_route=\/wp\/v2\/pages\/7245\/revisions\/7254"}],"wp:attachment":[{"href":"https:\/\/reclaimassetslaw.com\/index.php?rest_route=%2Fwp%2Fv2%2Fmedia&parent=7245"}],"curies":[{"name":"wp","href":"https:\/\/api.w.org\/{rel}","templated":true}]}}