{"id":3,"date":"2025-08-29T16:23:15","date_gmt":"2025-08-29T16:23:15","guid":{"rendered":"http:\/\/reclaimassetslaw.com\/?page_id=3"},"modified":"2025-09-05T22:23:42","modified_gmt":"2025-09-05T22:23:42","slug":"privacy-policy","status":"publish","type":"page","link":"https:\/\/reclaimassetslaw.com\/?page_id=3","title":{"rendered":"Privacy Policy"},"content":{"rendered":"\t\t<div data-elementor-type=\"wp-page\" data-elementor-id=\"3\" class=\"elementor elementor-3\">\n\t\t\t\t<div class=\"elementor-element elementor-element-305223eb e-flex e-con-boxed e-con e-parent\" data-id=\"305223eb\" data-element_type=\"container\" data-e-type=\"container\">\n\t\t\t\t\t<div class=\"e-con-inner\">\n\t\t\t\t<div class=\"elementor-element elementor-element-18e86e4d elementor-widget elementor-widget-text-editor\" data-id=\"18e86e4d\" data-element_type=\"widget\" data-e-type=\"widget\" data-widget_type=\"text-editor.default\">\n\t\t\t\t\t\t\t\t\t\n<h1 class=\"wp-block-heading\" data-start=\"233\" data-end=\"263\"><strong data-start=\"235\" data-end=\"261\">Pol\u00edtica de Privacidad<\/strong><\/h1>\n<p data-start=\"264\" data-end=\"288\"><strong data-start=\"264\" data-end=\"286\">Reclaim Assets Law<\/strong><\/p>\n<h3 data-start=\"290\" data-end=\"311\">1. Introducci\u00f3n<\/h3>\n<p data-start=\"312\" data-end=\"618\">En <strong data-start=\"315\" data-end=\"337\">Reclaim Assets Law<\/strong> nos tomamos muy en serio la privacidad y protecci\u00f3n de los datos personales de nuestros clientes y visitantes. Esta Pol\u00edtica de Privacidad explica c\u00f3mo recopilamos, utilizamos, almacenamos y protegemos su informaci\u00f3n cuando utiliza nuestros servicios o visita nuestro sitio web.<\/p>\n<hr data-start=\"620\" data-end=\"623\" \/>\n<h3 data-start=\"625\" data-end=\"661\">2. Informaci\u00f3n que recopilamos<\/h3>\n<p data-start=\"662\" data-end=\"707\">Podemos recopilar la siguiente informaci\u00f3n:<\/p>\n<ul data-start=\"708\" data-end=\"1000\">\n<li data-start=\"708\" data-end=\"790\">\n<p data-start=\"710\" data-end=\"790\">Datos de identificaci\u00f3n personal (nombre, correo electr\u00f3nico, tel\u00e9fono, pa\u00eds).<\/p>\n<\/li>\n<li data-start=\"791\" data-end=\"902\">\n<p data-start=\"793\" data-end=\"902\">Informaci\u00f3n relacionada con el caso (documentaci\u00f3n, contratos, comprobantes de pago, evidencias digitales).<\/p>\n<\/li>\n<li data-start=\"903\" data-end=\"1000\">\n<p data-start=\"905\" data-end=\"1000\">Datos de navegaci\u00f3n en el sitio web (cookies, direcci\u00f3n IP, tipo de navegador y dispositivo).<\/p>\n<\/li>\n<\/ul>\n<hr data-start=\"1002\" data-end=\"1005\" \/>\n<h3 data-start=\"1007\" data-end=\"1037\">3. Uso de la informaci\u00f3n<\/h3>\n<p data-start=\"1038\" data-end=\"1097\">La informaci\u00f3n recopilada se utiliza exclusivamente para:<\/p>\n<ul data-start=\"1098\" data-end=\"1335\">\n<li data-start=\"1098\" data-end=\"1159\">\n<p data-start=\"1100\" data-end=\"1159\">Evaluar y gestionar los casos de recuperaci\u00f3n de activos.<\/p>\n<\/li>\n<li data-start=\"1160\" data-end=\"1221\">\n<p data-start=\"1162\" data-end=\"1221\">Proporcionar asesor\u00eda y servicios legales personalizados.<\/p>\n<\/li>\n<li data-start=\"1222\" data-end=\"1273\">\n<p data-start=\"1224\" data-end=\"1273\">Mantener comunicaci\u00f3n directa con los clientes.<\/p>\n<\/li>\n<li data-start=\"1274\" data-end=\"1335\">\n<p data-start=\"1276\" data-end=\"1335\">Cumplir con requisitos legales y regulatorios aplicables.<\/p>\n<\/li>\n<\/ul>\n<hr data-start=\"1337\" data-end=\"1340\" \/>\n<h3 data-start=\"1342\" data-end=\"1379\">4. Protecci\u00f3n de la informaci\u00f3n<\/h3>\n<p data-start=\"1380\" data-end=\"1630\">Implementamos medidas t\u00e9cnicas, administrativas y legales para proteger los datos personales contra p\u00e9rdida, uso indebido, acceso no autorizado o divulgaci\u00f3n. Todo intercambio de informaci\u00f3n se realiza bajo estrictos protocolos de confidencialidad.<\/p>\n<hr data-start=\"1632\" data-end=\"1635\" \/>\n<h3 data-start=\"1637\" data-end=\"1667\">5. Compartici\u00f3n de datos<\/h3>\n<p data-start=\"1668\" data-end=\"1813\"><strong data-start=\"1668\" data-end=\"1690\">Reclaim Assets Law<\/strong> no vende ni comparte informaci\u00f3n personal con terceros con fines comerciales.<br data-start=\"1768\" data-end=\"1771\" \/>\u00danicamente podremos compartir datos con:<\/p>\n<ul data-start=\"1814\" data-end=\"2001\">\n<li data-start=\"1814\" data-end=\"1883\">\n<p data-start=\"1816\" data-end=\"1883\">Autoridades legales o regulatorias, cuando sea requerido por ley.<\/p>\n<\/li>\n<li data-start=\"1884\" data-end=\"2001\">\n<p data-start=\"1886\" data-end=\"2001\">Proveedores tecnol\u00f3gicos y forenses que apoyen en la gesti\u00f3n de casos, siempre bajo acuerdos de confidencialidad.<\/p>\n<\/li>\n<\/ul>\n<hr data-start=\"2003\" data-end=\"2006\" \/>\n<h3 data-start=\"2008\" data-end=\"2050\">6. Derechos del titular de los datos<\/h3>\n<p data-start=\"2051\" data-end=\"2075\">Usted tiene derecho a:<\/p>\n<ul data-start=\"2076\" data-end=\"2278\">\n<li data-start=\"2076\" data-end=\"2111\">\n<p data-start=\"2078\" data-end=\"2111\">Acceder a sus datos personales.<\/p>\n<\/li>\n<li data-start=\"2112\" data-end=\"2153\">\n<p data-start=\"2114\" data-end=\"2153\">Solicitar correcci\u00f3n o actualizaci\u00f3n.<\/p>\n<\/li>\n<li data-start=\"2154\" data-end=\"2217\">\n<p data-start=\"2156\" data-end=\"2217\">Solicitar la eliminaci\u00f3n de sus datos cuando sea aplicable.<\/p>\n<\/li>\n<li data-start=\"2218\" data-end=\"2278\">\n<p data-start=\"2220\" data-end=\"2278\">Retirar el consentimiento para el uso de su informaci\u00f3n.<\/p>\n<\/li>\n<\/ul>\n<p data-start=\"2280\" data-end=\"2363\">Las solicitudes pueden realizarse a trav\u00e9s de nuestro correo oficial de contacto.<\/p>\n<hr data-start=\"2365\" data-end=\"2368\" \/>\n<h3 data-start=\"2370\" data-end=\"2415\">7. Cookies y tecnolog\u00edas de seguimiento<\/h3>\n<p data-start=\"2416\" data-end=\"2656\">Nuestro sitio web puede utilizar cookies para mejorar la experiencia del usuario, analizar estad\u00edsticas de uso y optimizar nuestros servicios. El usuario puede configurar su navegador para rechazar o eliminar cookies en cualquier momento.<\/p>\n<hr data-start=\"2658\" data-end=\"2661\" \/>\n<h3 data-start=\"2663\" data-end=\"2708\">8. Cambios en la Pol\u00edtica de Privacidad<\/h3>\n<p data-start=\"2709\" data-end=\"2901\"><strong data-start=\"2709\" data-end=\"2731\">Reclaim Assets Law<\/strong> se reserva el derecho de modificar esta Pol\u00edtica en cualquier momento. Los cambios ser\u00e1n publicados en nuestro sitio web con la fecha de actualizaci\u00f3n correspondiente.<\/p>\n<hr data-start=\"2903\" data-end=\"2906\" \/>\n<h3 data-start=\"2908\" data-end=\"2925\">9. Contacto<\/h3>\n<p data-start=\"2926\" data-end=\"3047\">Para consultas relacionadas con esta Pol\u00edtica de Privacidad, puede escribirnos a:<br data-start=\"3007\" data-end=\"3010\" \/>\ud83d\udce7 info@reclaimassetslaw.com<\/p>\n<p data-start=\"3054\" data-end=\"3179\" data-is-last-node=\"\" data-is-only-node=\"\">\u00a0<\/p>\t\t\t\t\t\t\t\t<\/div>\n\t\t\t\t\t<\/div>\n\t\t\t\t<\/div>\n\t\t\t\t<\/div>\n\t\t","protected":false},"excerpt":{"rendered":"<p>Pol\u00edtica de Privacidad Reclaim Assets Law 1.<\/p>\n","protected":false},"author":2,"featured_media":0,"parent":0,"menu_order":0,"comment_status":"closed","ping_status":"closed","template":"","meta":{"_joinchat":[],"footnotes":""},"class_list":["post-3","page","type-page","status-publish","hentry"],"_links":{"self":[{"href":"https:\/\/reclaimassetslaw.com\/index.php?rest_route=\/wp\/v2\/pages\/3","targetHints":{"allow":["GET"]}}],"collection":[{"href":"https:\/\/reclaimassetslaw.com\/index.php?rest_route=\/wp\/v2\/pages"}],"about":[{"href":"https:\/\/reclaimassetslaw.com\/index.php?rest_route=\/wp\/v2\/types\/page"}],"author":[{"embeddable":true,"href":"https:\/\/reclaimassetslaw.com\/index.php?rest_route=\/wp\/v2\/users\/2"}],"replies":[{"embeddable":true,"href":"https:\/\/reclaimassetslaw.com\/index.php?rest_route=%2Fwp%2Fv2%2Fcomments&post=3"}],"version-history":[{"count":10,"href":"https:\/\/reclaimassetslaw.com\/index.php?rest_route=\/wp\/v2\/pages\/3\/revisions"}],"predecessor-version":[{"id":7257,"href":"https:\/\/reclaimassetslaw.com\/index.php?rest_route=\/wp\/v2\/pages\/3\/revisions\/7257"}],"wp:attachment":[{"href":"https:\/\/reclaimassetslaw.com\/index.php?rest_route=%2Fwp%2Fv2%2Fmedia&parent=3"}],"curies":[{"name":"wp","href":"https:\/\/api.w.org\/{rel}","templated":true}]}}